{"id":65,"date":"2023-02-24T13:27:42","date_gmt":"2023-02-24T12:27:42","guid":{"rendered":"https:\/\/neweb.oz-sapio.eu\/sapio\/?page_id=65"},"modified":"2026-01-11T18:25:41","modified_gmt":"2026-01-11T17:25:41","slug":"o-nas","status":"publish","type":"page","link":"https:\/\/neweb.oz-sapio.eu\/sapio\/index.php\/o-nas\/","title":{"rendered":"o n\u00e1s"},"content":{"rendered":"\n<p><strong>SAPIO = (z&nbsp;lat.) vedie\u0165, dok\u00e1za\u0165<\/strong><\/p>\n\n\n\n<p><strong>Kde bolo, tam bolo, rozhodli sa raz dobr\u00ed \u013eudia, \u017ee bud\u00fa pom\u00e1ha\u0165 rozv\u00edja\u0165 sa de\u0165om aj dospel\u00e1kom, &#8230;<\/strong><\/p>\n\n\n\n<p><strong>V&nbsp;skuto\u010dnosti to v\u0161ak nebolo tak\u00e9 jednoduch\u00e9:<\/strong><\/p>\n\n\n\n<p><strong>SAPIO<\/strong>&nbsp;<strong>vznik<\/strong>lo registr\u00e1ciou na Ministerstve vn\u00fatra SR. Od 16.6.2009 u\u017e fungujeme&nbsp;<strong>ako<\/strong>&nbsp;pr\u00e1voplatn\u00e9 ob\u010dianske zdru\u017eenie, ktor\u00e9 sa vyvinulo z&nbsp;partie dobrovo\u013en\u00edkov p\u00f4sobiacich viac ako 6 rokov predov\u0161etk\u00fdm v&nbsp;obci Miklu\u0161ovce a&nbsp;okrese Pre\u0161ov. Pre na\u0161e&nbsp;<strong>s\u00eddlo<\/strong>&nbsp;sme si preto zvolili pr\u00e1ve obec Miklu\u0161ovce.<\/p>\n\n\n\n<p>Sme dobrovo\u013en\u00e9, neziskov\u00e9 ob\u010dianske zdru\u017eenie s plnou pr\u00e1vnou subjektivitou. Cie\u013eom na\u0161ich \u010dlenov je realiz\u00e1cia aktiv\u00edt zameran\u00fdch na rozvoj osobnosti a&nbsp;skvalitnenie mo\u017enost\u00ed kult\u00farneho vy\u017eitia obyvate\u013estva. Tieto ciele sa sna\u017e\u00edme dosiahnu\u0165 najm\u00e4 dobrovo\u013enou \u010dinnos\u0165ou.<\/p>\n\n\n\n<p><strong>SAPIO<\/strong>&nbsp;uskuto\u010d\u0148uje a&nbsp;spolupodie\u013ea sa na \u010dinnostiach v&nbsp;t\u00fdchto oblastiach:<\/p>\n\n\n\n<ul class=\"wp-block-list\">\n<li>osobnostn\u00fd a&nbsp;kult\u00farny rast verejnosti<\/li>\n\n\n\n<li>zabezpe\u010dovanie akci\u00ed pre verejnos\u0165 (semin\u00e1re, \u0161kolenia) a&nbsp;kult\u00farnych podujat\u00ed (tvoriv\u00e9<\/li>\n<\/ul>\n\n\n\n<p>dielne, divadeln\u00e9 predstavenia, \u0161portov\u00e9 dni)<\/p>\n\n\n\n<p>dobrovo\u013en\u00edctvo a&nbsp;\u010fal\u0161ie aktivity.<\/p>\n\n\n\n<p>aktivity zameran\u00e9 na podporu marginalizovan\u00fdch skup\u00edn spolo\u010dnosti (s\u00fastre\u010fujeme sa predov\u0161etk\u00fdm na deti a&nbsp;ml\u00e1de\u017e v&nbsp;okrajov\u00fdch a&nbsp;vzdialenej\u0161\u00edch obciach Pre\u0161ovsk\u00e9ho kraja)<\/p>\n\n\n\n<p>zachovanie kult\u00farneho dedi\u010dstva a&nbsp;podpora tradi\u010dn\u00fdch foriem umenia<\/p>\n\n\n\n<p>t\u00e1bory, teambuildingov\u00fd a&nbsp;outdoorov\u00fd v\u00fdcvik<\/p>\n\n\n\n<p>osvetov\u00e1 \u010dinnos\u0165<\/p>\n\n\n\n<p><\/p>\n\n\n\n<p><strong>Kto m\u00f4\u017ee by\u0165 \u010dlenom?<\/strong>&nbsp;Fyzick\u00e1 osoba, ktor\u00e1 sp\u013a\u0148a tieto predpoklady:<\/p>\n\n\n\n<p>&#8211; sp\u00f4sobilosti na pr\u00e1vne \u00fakony<\/p>\n\n\n\n<p>&#8211; bez\u00fahonnos\u0165<\/p>\n\n\n\n<p>&#8211; s\u00fahlas\u00ed so stanovami SAPIO.<\/p>\n\n\n\n<p>Ak sp\u013a\u0148ate vy\u0161\u0161ie uveden\u00e9 podmienky a&nbsp;chcete prispie\u0165 k \u010dinnosti OZ SAPIO, radi V\u00e1s priv\u00edtame medzi na\u0161imi \u010dlenmi. (\u017eiados\u0165 n\u00e1jdete v dokumentoch)<\/p>\n\n\n\n<p class=\"has-text-align-left\"><strong>Kto sme?<\/strong><br>Sme dobrovo\u013en\u00e9, neziskov\u00e9 ob\u010dianske zdru\u017eenie s plnou pr\u00e1vnou subjektivitou. Cie\u013eom na\u0161ich \u010dlenov je realiz\u00e1cia aktiv\u00edt zameran\u00fdch na rozvoj osobnosti a skvalitnenie mo\u017enost\u00ed kult\u00farneho vy\u017eitia obyvate\u013estva. Tieto ciele sa sna\u017e\u00edme dosiahnu\u0165 najm\u00e4 dobrovo\u013enou \u010dinnos\u0165ou.<\/p>\n\n\n\n<p>Ob\u010dianske zdru\u017eenie SAPIO, s\u00eddliace v obci Miklu\u0161ovce, sa vyvinulo z partie dobrovo\u013en\u00edkov p\u00f4sobiacich predov\u0161etk\u00fdm v obci Miklu\u0161ovce a okrese Pre\u0161ov.<br>Od 16.6.2009 u\u017e fungujeme ako pr\u00e1voplatn\u00e9 ob\u010dianske zdru\u017eenie.<\/p>\n\n\n\n<p><strong>SAPIO<\/strong>&nbsp;uskuto\u010d\u0148uje a spolupodie\u013ea sa na \u010dinnostiach v t\u00fdchto oblastiach:<\/p>\n\n\n\n<ul class=\"wp-block-list\">\n<li>osobnostn\u00fd a kult\u00farny rast verejnosti<\/li>\n\n\n\n<li>zabezpe\u010dovanie akci\u00ed pre verejnos\u0165 (semin\u00e1re, \u0161kolenia) a kult\u00farnych podujat\u00ed (tvoriv\u00e9 dielne, divadeln\u00e9 predstavenia, \u0161portov\u00e9 dni)<\/li>\n\n\n\n<li>aktivity zameran\u00e9 na podporu marginalizovan\u00fdch skup\u00edn spolo\u010dnosti (s\u00fastre\u010fujeme sa predov\u0161etk\u00fdm na deti a ml\u00e1de\u017e v okrajov\u00fdch a vzdialenej\u0161\u00edch obciach Pre\u0161ovsk\u00e9ho kraja)<\/li>\n\n\n\n<li>zachovanie kult\u00farneho dedi\u010dstva a podpora tradi\u010dn\u00fdch foriem umenia, t\u00e1bory, teambuildingov\u00fd a outdoorov\u00fd v\u00fdcvik<\/li>\n\n\n\n<li>osvetov\u00e1 \u010dinnos\u0165<\/li>\n\n\n\n<li>dobrovo\u013en\u00edctvo a \u010fal\u0161ie aktivity.<\/li>\n<\/ul>\n","protected":false},"excerpt":{"rendered":"<p>SAPIO = (z&nbsp;lat.) vedie\u0165, dok\u00e1za\u0165 Kde bolo, tam bolo, rozhodli sa raz dobr\u00ed \u013eudia, \u017ee bud\u00fa pom\u00e1ha\u0165 rozv\u00edja\u0165 sa de\u0165om aj dospel\u00e1kom, &#8230; V&nbsp;skuto\u010dnosti to v\u0161ak nebolo tak\u00e9 jednoduch\u00e9: SAPIO&nbsp;vzniklo registr\u00e1ciou na Ministerstve vn\u00fatra SR. Od 16.6.2009 u\u017e fungujeme&nbsp;ako&nbsp;pr\u00e1voplatn\u00e9 ob\u010dianske zdru\u017eenie, ktor\u00e9 sa vyvinulo z&nbsp;partie dobrovo\u013en\u00edkov p\u00f4sobiacich viac ako 6 rokov predov\u0161etk\u00fdm v&nbsp;obci Miklu\u0161ovce a&nbsp;okrese &hellip; <a href=\"https:\/\/neweb.oz-sapio.eu\/sapio\/index.php\/o-nas\/\" class=\"more-link\">Pokra\u010dova\u0165 v \u010d\u00edtan\u00ed<span class=\"screen-reader-text\"> &#8222;o n\u00e1s&#8220;<\/span><\/a><\/p>\n","protected":false},"author":2,"featured_media":0,"parent":0,"menu_order":0,"comment_status":"closed","ping_status":"closed","template":"","meta":{"_monsterinsights_skip_tracking":false,"_monsterinsights_sitenote_active":false,"_monsterinsights_sitenote_note":"","_monsterinsights_sitenote_category":0,"footnotes":""},"class_list":["post-65","page","type-page","status-publish","hentry"],"yoast_head":"<!-- This site is optimized with the Yoast SEO plugin v27.4 - https:\/\/yoast.com\/product\/yoast-seo-wordpress\/ -->\n<title>o n\u00e1s - OZ Sapio<\/title>\n<meta name=\"robots\" content=\"index, follow, max-snippet:-1, max-image-preview:large, max-video-preview:-1\" \/>\n<link rel=\"canonical\" href=\"https:\/\/neweb.oz-sapio.eu\/sapio\/index.php\/o-nas\/\" \/>\n<meta property=\"og:locale\" content=\"sk_SK\" \/>\n<meta property=\"og:type\" content=\"article\" \/>\n<meta property=\"og:title\" content=\"o n\u00e1s - OZ Sapio\" \/>\n<meta property=\"og:description\" content=\"SAPIO = (z&nbsp;lat.) vedie\u0165, dok\u00e1za\u0165 Kde bolo, tam bolo, rozhodli sa raz dobr\u00ed \u013eudia, \u017ee bud\u00fa pom\u00e1ha\u0165 rozv\u00edja\u0165 sa de\u0165om aj dospel\u00e1kom, &#8230; V&nbsp;skuto\u010dnosti to v\u0161ak nebolo tak\u00e9 jednoduch\u00e9: SAPIO&nbsp;vzniklo registr\u00e1ciou na Ministerstve vn\u00fatra SR. Od 16.6.2009 u\u017e fungujeme&nbsp;ako&nbsp;pr\u00e1voplatn\u00e9 ob\u010dianske zdru\u017eenie, ktor\u00e9 sa vyvinulo z&nbsp;partie dobrovo\u013en\u00edkov p\u00f4sobiacich viac ako 6 rokov predov\u0161etk\u00fdm v&nbsp;obci Miklu\u0161ovce a&nbsp;okrese &hellip; Pokra\u010dova\u0165 v \u010d\u00edtan\u00ed &quot;o n\u00e1s&quot;\" \/>\n<meta property=\"og:url\" content=\"https:\/\/neweb.oz-sapio.eu\/sapio\/index.php\/o-nas\/\" \/>\n<meta property=\"og:site_name\" content=\"OZ Sapio\" \/>\n<meta property=\"article:modified_time\" content=\"2026-01-11T17:25:41+00:00\" \/>\n<meta name=\"twitter:card\" content=\"summary_large_image\" \/>\n<meta name=\"twitter:label1\" content=\"Predpokladan\u00fd \u010das \u010d\u00edtania\" \/>\n\t<meta name=\"twitter:data1\" content=\"2 min\u00faty\" \/>\n<script type=\"application\/ld+json\" class=\"yoast-schema-graph\">{\"@context\":\"https:\\\/\\\/schema.org\",\"@graph\":[{\"@type\":\"WebPage\",\"@id\":\"https:\\\/\\\/neweb.oz-sapio.eu\\\/sapio\\\/index.php\\\/o-nas\\\/\",\"url\":\"https:\\\/\\\/neweb.oz-sapio.eu\\\/sapio\\\/index.php\\\/o-nas\\\/\",\"name\":\"o n\u00e1s - OZ Sapio\",\"isPartOf\":{\"@id\":\"https:\\\/\\\/neweb.oz-sapio.eu\\\/sapio\\\/#website\"},\"datePublished\":\"2023-02-24T12:27:42+00:00\",\"dateModified\":\"2026-01-11T17:25:41+00:00\",\"breadcrumb\":{\"@id\":\"https:\\\/\\\/neweb.oz-sapio.eu\\\/sapio\\\/index.php\\\/o-nas\\\/#breadcrumb\"},\"inLanguage\":\"sk-SK\",\"potentialAction\":[{\"@type\":\"ReadAction\",\"target\":[\"https:\\\/\\\/neweb.oz-sapio.eu\\\/sapio\\\/index.php\\\/o-nas\\\/\"]}]},{\"@type\":\"BreadcrumbList\",\"@id\":\"https:\\\/\\\/neweb.oz-sapio.eu\\\/sapio\\\/index.php\\\/o-nas\\\/#breadcrumb\",\"itemListElement\":[{\"@type\":\"ListItem\",\"position\":1,\"name\":\"Domov\",\"item\":\"https:\\\/\\\/neweb.oz-sapio.eu\\\/sapio\\\/\"},{\"@type\":\"ListItem\",\"position\":2,\"name\":\"o n\u00e1s\"}]},{\"@type\":\"WebSite\",\"@id\":\"https:\\\/\\\/neweb.oz-sapio.eu\\\/sapio\\\/#website\",\"url\":\"https:\\\/\\\/neweb.oz-sapio.eu\\\/sapio\\\/\",\"name\":\"OZ Sapio\",\"description\":\"U\u010dte sa, rozv\u00edjajte, obohacujte z\u00e1\u017eitkom ...\",\"publisher\":{\"@id\":\"https:\\\/\\\/neweb.oz-sapio.eu\\\/sapio\\\/#organization\"},\"potentialAction\":[{\"@type\":\"SearchAction\",\"target\":{\"@type\":\"EntryPoint\",\"urlTemplate\":\"https:\\\/\\\/neweb.oz-sapio.eu\\\/sapio\\\/?s={search_term_string}\"},\"query-input\":{\"@type\":\"PropertyValueSpecification\",\"valueRequired\":true,\"valueName\":\"search_term_string\"}}],\"inLanguage\":\"sk-SK\"},{\"@type\":\"Organization\",\"@id\":\"https:\\\/\\\/neweb.oz-sapio.eu\\\/sapio\\\/#organization\",\"name\":\"OZ Sapio\",\"url\":\"https:\\\/\\\/neweb.oz-sapio.eu\\\/sapio\\\/\",\"logo\":{\"@type\":\"ImageObject\",\"inLanguage\":\"sk-SK\",\"@id\":\"https:\\\/\\\/neweb.oz-sapio.eu\\\/sapio\\\/#\\\/schema\\\/logo\\\/image\\\/\",\"url\":\"https:\\\/\\\/neweb.oz-sapio.eu\\\/sapio\\\/wp-content\\\/uploads\\\/2022\\\/11\\\/logo-sapio.png\",\"contentUrl\":\"https:\\\/\\\/neweb.oz-sapio.eu\\\/sapio\\\/wp-content\\\/uploads\\\/2022\\\/11\\\/logo-sapio.png\",\"width\":182,\"height\":77,\"caption\":\"OZ Sapio\"},\"image\":{\"@id\":\"https:\\\/\\\/neweb.oz-sapio.eu\\\/sapio\\\/#\\\/schema\\\/logo\\\/image\\\/\"}}]}<\/script>\n<!-- \/ Yoast SEO plugin. -->","yoast_head_json":{"title":"o n\u00e1s - OZ Sapio","robots":{"index":"index","follow":"follow","max-snippet":"max-snippet:-1","max-image-preview":"max-image-preview:large","max-video-preview":"max-video-preview:-1"},"canonical":"https:\/\/neweb.oz-sapio.eu\/sapio\/index.php\/o-nas\/","og_locale":"sk_SK","og_type":"article","og_title":"o n\u00e1s - OZ Sapio","og_description":"SAPIO = (z&nbsp;lat.) vedie\u0165, dok\u00e1za\u0165 Kde bolo, tam bolo, rozhodli sa raz dobr\u00ed \u013eudia, \u017ee bud\u00fa pom\u00e1ha\u0165 rozv\u00edja\u0165 sa de\u0165om aj dospel\u00e1kom, &#8230; V&nbsp;skuto\u010dnosti to v\u0161ak nebolo tak\u00e9 jednoduch\u00e9: SAPIO&nbsp;vzniklo registr\u00e1ciou na Ministerstve vn\u00fatra SR. Od 16.6.2009 u\u017e fungujeme&nbsp;ako&nbsp;pr\u00e1voplatn\u00e9 ob\u010dianske zdru\u017eenie, ktor\u00e9 sa vyvinulo z&nbsp;partie dobrovo\u013en\u00edkov p\u00f4sobiacich viac ako 6 rokov predov\u0161etk\u00fdm v&nbsp;obci Miklu\u0161ovce a&nbsp;okrese &hellip; Pokra\u010dova\u0165 v \u010d\u00edtan\u00ed \"o n\u00e1s\"","og_url":"https:\/\/neweb.oz-sapio.eu\/sapio\/index.php\/o-nas\/","og_site_name":"OZ Sapio","article_modified_time":"2026-01-11T17:25:41+00:00","twitter_card":"summary_large_image","twitter_misc":{"Predpokladan\u00fd \u010das \u010d\u00edtania":"2 min\u00faty"},"schema":{"@context":"https:\/\/schema.org","@graph":[{"@type":"WebPage","@id":"https:\/\/neweb.oz-sapio.eu\/sapio\/index.php\/o-nas\/","url":"https:\/\/neweb.oz-sapio.eu\/sapio\/index.php\/o-nas\/","name":"o n\u00e1s - OZ Sapio","isPartOf":{"@id":"https:\/\/neweb.oz-sapio.eu\/sapio\/#website"},"datePublished":"2023-02-24T12:27:42+00:00","dateModified":"2026-01-11T17:25:41+00:00","breadcrumb":{"@id":"https:\/\/neweb.oz-sapio.eu\/sapio\/index.php\/o-nas\/#breadcrumb"},"inLanguage":"sk-SK","potentialAction":[{"@type":"ReadAction","target":["https:\/\/neweb.oz-sapio.eu\/sapio\/index.php\/o-nas\/"]}]},{"@type":"BreadcrumbList","@id":"https:\/\/neweb.oz-sapio.eu\/sapio\/index.php\/o-nas\/#breadcrumb","itemListElement":[{"@type":"ListItem","position":1,"name":"Domov","item":"https:\/\/neweb.oz-sapio.eu\/sapio\/"},{"@type":"ListItem","position":2,"name":"o n\u00e1s"}]},{"@type":"WebSite","@id":"https:\/\/neweb.oz-sapio.eu\/sapio\/#website","url":"https:\/\/neweb.oz-sapio.eu\/sapio\/","name":"OZ Sapio","description":"U\u010dte sa, rozv\u00edjajte, obohacujte z\u00e1\u017eitkom ...","publisher":{"@id":"https:\/\/neweb.oz-sapio.eu\/sapio\/#organization"},"potentialAction":[{"@type":"SearchAction","target":{"@type":"EntryPoint","urlTemplate":"https:\/\/neweb.oz-sapio.eu\/sapio\/?s={search_term_string}"},"query-input":{"@type":"PropertyValueSpecification","valueRequired":true,"valueName":"search_term_string"}}],"inLanguage":"sk-SK"},{"@type":"Organization","@id":"https:\/\/neweb.oz-sapio.eu\/sapio\/#organization","name":"OZ Sapio","url":"https:\/\/neweb.oz-sapio.eu\/sapio\/","logo":{"@type":"ImageObject","inLanguage":"sk-SK","@id":"https:\/\/neweb.oz-sapio.eu\/sapio\/#\/schema\/logo\/image\/","url":"https:\/\/neweb.oz-sapio.eu\/sapio\/wp-content\/uploads\/2022\/11\/logo-sapio.png","contentUrl":"https:\/\/neweb.oz-sapio.eu\/sapio\/wp-content\/uploads\/2022\/11\/logo-sapio.png","width":182,"height":77,"caption":"OZ Sapio"},"image":{"@id":"https:\/\/neweb.oz-sapio.eu\/sapio\/#\/schema\/logo\/image\/"}}]}},"_links":{"self":[{"href":"https:\/\/neweb.oz-sapio.eu\/sapio\/index.php\/wp-json\/wp\/v2\/pages\/65","targetHints":{"allow":["GET"]}}],"collection":[{"href":"https:\/\/neweb.oz-sapio.eu\/sapio\/index.php\/wp-json\/wp\/v2\/pages"}],"about":[{"href":"https:\/\/neweb.oz-sapio.eu\/sapio\/index.php\/wp-json\/wp\/v2\/types\/page"}],"author":[{"embeddable":true,"href":"https:\/\/neweb.oz-sapio.eu\/sapio\/index.php\/wp-json\/wp\/v2\/users\/2"}],"replies":[{"embeddable":true,"href":"https:\/\/neweb.oz-sapio.eu\/sapio\/index.php\/wp-json\/wp\/v2\/comments?post=65"}],"version-history":[{"count":6,"href":"https:\/\/neweb.oz-sapio.eu\/sapio\/index.php\/wp-json\/wp\/v2\/pages\/65\/revisions"}],"predecessor-version":[{"id":148,"href":"https:\/\/neweb.oz-sapio.eu\/sapio\/index.php\/wp-json\/wp\/v2\/pages\/65\/revisions\/148"}],"wp:attachment":[{"href":"https:\/\/neweb.oz-sapio.eu\/sapio\/index.php\/wp-json\/wp\/v2\/media?parent=65"}],"curies":[{"name":"wp","href":"https:\/\/api.w.org\/{rel}","templated":true}]}}