{"id":48,"date":"2023-02-24T13:15:04","date_gmt":"2023-02-24T12:15:04","guid":{"rendered":"https:\/\/neweb.oz-sapio.eu\/sapio\/?page_id=48"},"modified":"2026-01-11T17:54:03","modified_gmt":"2026-01-11T16:54:03","slug":"kontakt","status":"publish","type":"page","link":"https:\/\/neweb.oz-sapio.eu\/sapio\/index.php\/kontakt\/","title":{"rendered":"Kontakt"},"content":{"rendered":"\n<p>OZ SAPIO<\/p>\n\n\n\n<h3 class=\"wp-block-heading\">Miklu\u0161ovce 27, 082 44<\/h3>\n\n\n\n<h3 class=\"wp-block-heading\">okr. Pre\u0161ov<\/h3>\n\n\n\n<p><strong>Predsedn\u00ed\u010dka: Lenka \u010cuchtov\u00e1<\/strong><\/p>\n\n\n\n<p><strong>tel.: +421 905 169 381<\/strong><\/p>\n\n\n\n<p>podpredsedn\u00ed\u010dka: J\u00falia Madzikov\u00e1<\/p>\n\n\n\n<p>tel.: +421 908 356 704<\/p>\n\n\n\n<p>e-mail: ozsapio@gmail.com<\/p>\n\n\n\n<p>web: www.oz-sapio.eu<\/p>\n\n\n\n<p>I\u010cO: 420 88 330<\/p>\n\n\n\n<p>DI\u010c: 2022989705<\/p>\n","protected":false},"excerpt":{"rendered":"<p>OZ SAPIO Miklu\u0161ovce 27, 082 44 okr. Pre\u0161ov Predsedn\u00ed\u010dka: Lenka \u010cuchtov\u00e1 tel.: +421 905 169 381 podpredsedn\u00ed\u010dka: J\u00falia Madzikov\u00e1 tel.: +421 908 356 704 e-mail: ozsapio@gmail.com web: www.oz-sapio.eu I\u010cO: 420 88 330 DI\u010c: 2022989705<\/p>\n","protected":false},"author":2,"featured_media":0,"parent":0,"menu_order":0,"comment_status":"closed","ping_status":"closed","template":"","meta":{"_monsterinsights_skip_tracking":false,"_monsterinsights_sitenote_active":false,"_monsterinsights_sitenote_note":"","_monsterinsights_sitenote_category":0,"footnotes":""},"class_list":["post-48","page","type-page","status-publish","hentry"],"yoast_head":"<!-- This site is optimized with the Yoast SEO plugin v27.4 - https:\/\/yoast.com\/product\/yoast-seo-wordpress\/ -->\n<title>Kontakt - OZ Sapio<\/title>\n<meta name=\"robots\" content=\"index, follow, max-snippet:-1, max-image-preview:large, max-video-preview:-1\" \/>\n<link rel=\"canonical\" href=\"https:\/\/neweb.oz-sapio.eu\/sapio\/index.php\/kontakt\/\" \/>\n<meta property=\"og:locale\" content=\"sk_SK\" \/>\n<meta property=\"og:type\" content=\"article\" \/>\n<meta property=\"og:title\" content=\"Kontakt - OZ Sapio\" \/>\n<meta property=\"og:description\" content=\"OZ SAPIO Miklu\u0161ovce 27, 082 44 okr. Pre\u0161ov Predsedn\u00ed\u010dka: Lenka \u010cuchtov\u00e1 tel.: +421 905 169 381 podpredsedn\u00ed\u010dka: J\u00falia Madzikov\u00e1 tel.: +421 908 356 704 e-mail: ozsapio@gmail.com web: www.oz-sapio.eu I\u010cO: 420 88 330 DI\u010c: 2022989705\" \/>\n<meta property=\"og:url\" content=\"https:\/\/neweb.oz-sapio.eu\/sapio\/index.php\/kontakt\/\" \/>\n<meta property=\"og:site_name\" content=\"OZ Sapio\" \/>\n<meta property=\"article:modified_time\" content=\"2026-01-11T16:54:03+00:00\" \/>\n<meta name=\"twitter:card\" content=\"summary_large_image\" \/>\n<meta name=\"twitter:label1\" content=\"Predpokladan\u00fd \u010das \u010d\u00edtania\" \/>\n\t<meta name=\"twitter:data1\" content=\"1 min\u00fata\" \/>\n<script type=\"application\/ld+json\" class=\"yoast-schema-graph\">{\"@context\":\"https:\\\/\\\/schema.org\",\"@graph\":[{\"@type\":\"WebPage\",\"@id\":\"https:\\\/\\\/neweb.oz-sapio.eu\\\/sapio\\\/index.php\\\/kontakt\\\/\",\"url\":\"https:\\\/\\\/neweb.oz-sapio.eu\\\/sapio\\\/index.php\\\/kontakt\\\/\",\"name\":\"Kontakt - OZ Sapio\",\"isPartOf\":{\"@id\":\"https:\\\/\\\/neweb.oz-sapio.eu\\\/sapio\\\/#website\"},\"datePublished\":\"2023-02-24T12:15:04+00:00\",\"dateModified\":\"2026-01-11T16:54:03+00:00\",\"breadcrumb\":{\"@id\":\"https:\\\/\\\/neweb.oz-sapio.eu\\\/sapio\\\/index.php\\\/kontakt\\\/#breadcrumb\"},\"inLanguage\":\"sk-SK\",\"potentialAction\":[{\"@type\":\"ReadAction\",\"target\":[\"https:\\\/\\\/neweb.oz-sapio.eu\\\/sapio\\\/index.php\\\/kontakt\\\/\"]}]},{\"@type\":\"BreadcrumbList\",\"@id\":\"https:\\\/\\\/neweb.oz-sapio.eu\\\/sapio\\\/index.php\\\/kontakt\\\/#breadcrumb\",\"itemListElement\":[{\"@type\":\"ListItem\",\"position\":1,\"name\":\"Domov\",\"item\":\"https:\\\/\\\/neweb.oz-sapio.eu\\\/sapio\\\/\"},{\"@type\":\"ListItem\",\"position\":2,\"name\":\"Kontakt\"}]},{\"@type\":\"WebSite\",\"@id\":\"https:\\\/\\\/neweb.oz-sapio.eu\\\/sapio\\\/#website\",\"url\":\"https:\\\/\\\/neweb.oz-sapio.eu\\\/sapio\\\/\",\"name\":\"OZ Sapio\",\"description\":\"U\u010dte sa, rozv\u00edjajte, obohacujte z\u00e1\u017eitkom ...\",\"publisher\":{\"@id\":\"https:\\\/\\\/neweb.oz-sapio.eu\\\/sapio\\\/#organization\"},\"potentialAction\":[{\"@type\":\"SearchAction\",\"target\":{\"@type\":\"EntryPoint\",\"urlTemplate\":\"https:\\\/\\\/neweb.oz-sapio.eu\\\/sapio\\\/?s={search_term_string}\"},\"query-input\":{\"@type\":\"PropertyValueSpecification\",\"valueRequired\":true,\"valueName\":\"search_term_string\"}}],\"inLanguage\":\"sk-SK\"},{\"@type\":\"Organization\",\"@id\":\"https:\\\/\\\/neweb.oz-sapio.eu\\\/sapio\\\/#organization\",\"name\":\"OZ Sapio\",\"url\":\"https:\\\/\\\/neweb.oz-sapio.eu\\\/sapio\\\/\",\"logo\":{\"@type\":\"ImageObject\",\"inLanguage\":\"sk-SK\",\"@id\":\"https:\\\/\\\/neweb.oz-sapio.eu\\\/sapio\\\/#\\\/schema\\\/logo\\\/image\\\/\",\"url\":\"https:\\\/\\\/neweb.oz-sapio.eu\\\/sapio\\\/wp-content\\\/uploads\\\/2022\\\/11\\\/logo-sapio.png\",\"contentUrl\":\"https:\\\/\\\/neweb.oz-sapio.eu\\\/sapio\\\/wp-content\\\/uploads\\\/2022\\\/11\\\/logo-sapio.png\",\"width\":182,\"height\":77,\"caption\":\"OZ Sapio\"},\"image\":{\"@id\":\"https:\\\/\\\/neweb.oz-sapio.eu\\\/sapio\\\/#\\\/schema\\\/logo\\\/image\\\/\"}}]}<\/script>\n<!-- \/ Yoast SEO plugin. -->","yoast_head_json":{"title":"Kontakt - OZ Sapio","robots":{"index":"index","follow":"follow","max-snippet":"max-snippet:-1","max-image-preview":"max-image-preview:large","max-video-preview":"max-video-preview:-1"},"canonical":"https:\/\/neweb.oz-sapio.eu\/sapio\/index.php\/kontakt\/","og_locale":"sk_SK","og_type":"article","og_title":"Kontakt - OZ Sapio","og_description":"OZ SAPIO Miklu\u0161ovce 27, 082 44 okr. Pre\u0161ov Predsedn\u00ed\u010dka: Lenka \u010cuchtov\u00e1 tel.: +421 905 169 381 podpredsedn\u00ed\u010dka: J\u00falia Madzikov\u00e1 tel.: +421 908 356 704 e-mail: ozsapio@gmail.com web: www.oz-sapio.eu I\u010cO: 420 88 330 DI\u010c: 2022989705","og_url":"https:\/\/neweb.oz-sapio.eu\/sapio\/index.php\/kontakt\/","og_site_name":"OZ Sapio","article_modified_time":"2026-01-11T16:54:03+00:00","twitter_card":"summary_large_image","twitter_misc":{"Predpokladan\u00fd \u010das \u010d\u00edtania":"1 min\u00fata"},"schema":{"@context":"https:\/\/schema.org","@graph":[{"@type":"WebPage","@id":"https:\/\/neweb.oz-sapio.eu\/sapio\/index.php\/kontakt\/","url":"https:\/\/neweb.oz-sapio.eu\/sapio\/index.php\/kontakt\/","name":"Kontakt - OZ Sapio","isPartOf":{"@id":"https:\/\/neweb.oz-sapio.eu\/sapio\/#website"},"datePublished":"2023-02-24T12:15:04+00:00","dateModified":"2026-01-11T16:54:03+00:00","breadcrumb":{"@id":"https:\/\/neweb.oz-sapio.eu\/sapio\/index.php\/kontakt\/#breadcrumb"},"inLanguage":"sk-SK","potentialAction":[{"@type":"ReadAction","target":["https:\/\/neweb.oz-sapio.eu\/sapio\/index.php\/kontakt\/"]}]},{"@type":"BreadcrumbList","@id":"https:\/\/neweb.oz-sapio.eu\/sapio\/index.php\/kontakt\/#breadcrumb","itemListElement":[{"@type":"ListItem","position":1,"name":"Domov","item":"https:\/\/neweb.oz-sapio.eu\/sapio\/"},{"@type":"ListItem","position":2,"name":"Kontakt"}]},{"@type":"WebSite","@id":"https:\/\/neweb.oz-sapio.eu\/sapio\/#website","url":"https:\/\/neweb.oz-sapio.eu\/sapio\/","name":"OZ Sapio","description":"U\u010dte sa, rozv\u00edjajte, obohacujte z\u00e1\u017eitkom ...","publisher":{"@id":"https:\/\/neweb.oz-sapio.eu\/sapio\/#organization"},"potentialAction":[{"@type":"SearchAction","target":{"@type":"EntryPoint","urlTemplate":"https:\/\/neweb.oz-sapio.eu\/sapio\/?s={search_term_string}"},"query-input":{"@type":"PropertyValueSpecification","valueRequired":true,"valueName":"search_term_string"}}],"inLanguage":"sk-SK"},{"@type":"Organization","@id":"https:\/\/neweb.oz-sapio.eu\/sapio\/#organization","name":"OZ Sapio","url":"https:\/\/neweb.oz-sapio.eu\/sapio\/","logo":{"@type":"ImageObject","inLanguage":"sk-SK","@id":"https:\/\/neweb.oz-sapio.eu\/sapio\/#\/schema\/logo\/image\/","url":"https:\/\/neweb.oz-sapio.eu\/sapio\/wp-content\/uploads\/2022\/11\/logo-sapio.png","contentUrl":"https:\/\/neweb.oz-sapio.eu\/sapio\/wp-content\/uploads\/2022\/11\/logo-sapio.png","width":182,"height":77,"caption":"OZ Sapio"},"image":{"@id":"https:\/\/neweb.oz-sapio.eu\/sapio\/#\/schema\/logo\/image\/"}}]}},"_links":{"self":[{"href":"https:\/\/neweb.oz-sapio.eu\/sapio\/index.php\/wp-json\/wp\/v2\/pages\/48","targetHints":{"allow":["GET"]}}],"collection":[{"href":"https:\/\/neweb.oz-sapio.eu\/sapio\/index.php\/wp-json\/wp\/v2\/pages"}],"about":[{"href":"https:\/\/neweb.oz-sapio.eu\/sapio\/index.php\/wp-json\/wp\/v2\/types\/page"}],"author":[{"embeddable":true,"href":"https:\/\/neweb.oz-sapio.eu\/sapio\/index.php\/wp-json\/wp\/v2\/users\/2"}],"replies":[{"embeddable":true,"href":"https:\/\/neweb.oz-sapio.eu\/sapio\/index.php\/wp-json\/wp\/v2\/comments?post=48"}],"version-history":[{"count":6,"href":"https:\/\/neweb.oz-sapio.eu\/sapio\/index.php\/wp-json\/wp\/v2\/pages\/48\/revisions"}],"predecessor-version":[{"id":133,"href":"https:\/\/neweb.oz-sapio.eu\/sapio\/index.php\/wp-json\/wp\/v2\/pages\/48\/revisions\/133"}],"wp:attachment":[{"href":"https:\/\/neweb.oz-sapio.eu\/sapio\/index.php\/wp-json\/wp\/v2\/media?parent=48"}],"curies":[{"name":"wp","href":"https:\/\/api.w.org\/{rel}","templated":true}]}}