{"id":157,"date":"2026-01-11T18:34:15","date_gmt":"2026-01-11T17:34:15","guid":{"rendered":"https:\/\/neweb.oz-sapio.eu\/sapio\/?page_id=157"},"modified":"2026-02-08T15:01:21","modified_gmt":"2026-02-08T14:01:21","slug":"badros","status":"publish","type":"page","link":"https:\/\/neweb.oz-sapio.eu\/sapio\/index.php\/badros\/","title":{"rendered":"badros"},"content":{"rendered":"\n<figure class=\"wp-block-image size-full\"><img loading=\"lazy\" decoding=\"async\" width=\"198\" height=\"348\" src=\"https:\/\/neweb.oz-sapio.eu\/sapio\/wp-content\/uploads\/2023\/02\/logo-badros.png\" alt=\"\" class=\"wp-image-131\" srcset=\"https:\/\/neweb.oz-sapio.eu\/sapio\/wp-content\/uploads\/2023\/02\/logo-badros.png 198w, https:\/\/neweb.oz-sapio.eu\/sapio\/wp-content\/uploads\/2023\/02\/logo-badros-171x300.png 171w\" sizes=\"auto, (max-width: 198px) 85vw, 198px\" \/><\/figure>\n\n\n\n<h1 class=\"wp-block-heading\">Badros &#8211; O divadle<\/h1>\n\n\n\n<p>.<\/p>\n\n\n\n<figure class=\"wp-block-image\"><img decoding=\"async\" src=\"https:\/\/oz-sapio.eu\/Media\/Fotogaleria\/Badros\/100_4765.jpg\" alt=\"Galeria Badros - 100_4765.jpg\"\/><\/figure>\n\n\n\n<p>B\u00e1bkov\u00e9 divadlo&nbsp;<strong>Badros<\/strong>&nbsp;vzniklo<\/p>\n\n\n\n<p>spont\u00e1nne a ne\u010dakane v roku 2008.<\/p>\n\n\n\n<p>Nepatr\u00edme medzi profesion\u00e1lne b\u00e1bkov\u00e9 divadl\u00e1, preto\u017ee b\u00e1bko-hercami s\u00fa hlavne deti.<\/p>\n\n\n\n<p>Deti si b\u00e1bky sam\u00e9 vyr\u00e1baj\u00fa a v predstaven\u00ed s nimi aj&nbsp; hraj\u00fa. Dej a atmosf\u00e9ra predstavenia s\u00fa aj v\u010faka tomu hravej\u0161ie.<\/p>\n\n\n\n<p>Prv\u00e9 predstavenie malo premi\u00e9ru v roku 2008<br>s n\u00e1zvom \u201e\u0160\u0165astie, k\u013e\u00fa\u010d k \u00faspechu\u201c. Do hry bolo zapojen\u00fdch 10 det\u00ed a predstavenie trvalo 60 min\u00fat,<br>z \u010doho sme sa pou\u010dili a nasleduj\u00face predstavenia s\u00fa u\u017e o \u010dosi krat\u0161ie :).<\/p>\n\n\n\n<p>\u010caro b\u00e1bkov\u00e9ho divadla BADROS je v detskom viden\u00ed a preveden\u00ed.<br>\u017diaden v\u00fdtvarn\u00edk nedok\u00e1\u017ee vytvori\u0165 b\u00e1bku s takou fant\u00e1ziou ako die\u0165a. Rovnako aj predstavenia dost\u00e1vaj\u00fa miestami neviazan\u00fd, z\u00e1bavn\u00fd n\u00e1dych detskej hry.<\/p>\n\n\n\n<p>Druh\u00e9 predstavenie vzniklo a malo premi\u00e9ru v roku 2009 s n\u00e1zvom \u201e3 citr\u00f3ny\u201c b\u00e1bky a kulisy sa u\u017e podstatne l\u00ed\u0161ia od prv\u00e9ho predstavenia. Tak ako ka\u017ed\u00fd \u010dlovek rastie, vyv\u00edjaj\u00fa sa a zdokona\u013euj\u00fa aj na\u0161e predstavenia.<\/p>\n\n\n\n<p>Predstavenie \u201eDon Quijote\u201c je na\u0161\u00edm tret\u00edm, a z\u00e1rove\u0148 aj naj\u010derstvej\u0161\u00edm predstaven\u00edm, a d\u00fafame, \u017ee bude ma\u0165 rovnak\u00fd \u00faspech ako predch\u00e1dzaj\u00face.<\/p>\n\n\n\n<p>Zauj\u00edmavos\u0165ou m\u00f4\u017ee by\u0165 pre div\u00e1ka i na\u0161e tie\u0148ov\u00e9 divadlo, ktor\u00fdm chceme pril\u00e1ka\u0165 hlavne ml\u00e1de\u017e. Tematicky ale aj v\u00fdtvarn\u00fdm preveden\u00edm prin\u00e1\u0161a spestrenie z\u00e1\u017eitku nielen pre dospel\u00e1kov.<\/p>\n\n\n\n<p>Radi by sme v tomto duchu pokra\u010dovali a pripravili pre v\u00e1s \u010fal\u0161ie \u010darovn\u00e9 predstavenia spolu s na\u0161imi mal\u00fdmi pomocn\u00edkmi.<\/p>\n\n\n\n<p><strong>BADROS m\u00e1 u\u017e za sebou mnoho vyst\u00fapen\u00ed:<\/strong><\/p>\n\n\n\n<p>Miklu\u0161ovce (2009-2015)<\/p>\n\n\n\n<p>Klenov (2009)<\/p>\n\n\n\n<p>\u017dipov (2009)<\/p>\n\n\n\n<p>Ve\u013ek\u00fd \u0160ari\u0161 (2009)<\/p>\n\n\n\n<p>Kapu\u0161any (2009)<\/p>\n\n\n\n<p>Pre\u0161ov (2009-2012)<\/p>\n\n\n\n<p>Bzenov (2012)<\/p>\n\n\n\n<p>Ro\u017e\u0148ava (2011-2012)<\/p>\n\n\n\n<p>Ko\u0161ice (2023-2025)<\/p>\n\n\n\n<p><strong>Foto z predstaven\u00ed:<\/strong><\/p>\n\n\n\n<p>Kam sa podeli ryby?<\/p>\n\n\n\n<figure class=\"wp-block-gallery has-nested-images columns-default is-cropped wp-block-gallery-1 is-layout-flex wp-block-gallery-is-layout-flex\">\n<figure class=\"wp-block-image size-large\"><img loading=\"lazy\" decoding=\"async\" width=\"1024\" height=\"768\" data-id=\"224\" src=\"https:\/\/neweb.oz-sapio.eu\/sapio\/wp-content\/uploads\/2026\/02\/P1160664-1024x768.jpg\" alt=\"\" class=\"wp-image-224\" srcset=\"https:\/\/neweb.oz-sapio.eu\/sapio\/wp-content\/uploads\/2026\/02\/P1160664-1024x768.jpg 1024w, https:\/\/neweb.oz-sapio.eu\/sapio\/wp-content\/uploads\/2026\/02\/P1160664-300x225.jpg 300w, https:\/\/neweb.oz-sapio.eu\/sapio\/wp-content\/uploads\/2026\/02\/P1160664-768x576.jpg 768w, https:\/\/neweb.oz-sapio.eu\/sapio\/wp-content\/uploads\/2026\/02\/P1160664-1536x1152.jpg 1536w, https:\/\/neweb.oz-sapio.eu\/sapio\/wp-content\/uploads\/2026\/02\/P1160664-1200x900.jpg 1200w, https:\/\/neweb.oz-sapio.eu\/sapio\/wp-content\/uploads\/2026\/02\/P1160664.jpg 1600w\" sizes=\"auto, (max-width: 709px) 85vw, (max-width: 909px) 67vw, (max-width: 1362px) 62vw, 840px\" \/><\/figure>\n\n\n\n<figure class=\"wp-block-image size-large\"><img loading=\"lazy\" decoding=\"async\" width=\"762\" height=\"1024\" data-id=\"228\" src=\"https:\/\/neweb.oz-sapio.eu\/sapio\/wp-content\/uploads\/2026\/02\/65601249_626428701201245_3388335438237270016_n-1-762x1024.jpg\" alt=\"\" class=\"wp-image-228\" srcset=\"https:\/\/neweb.oz-sapio.eu\/sapio\/wp-content\/uploads\/2026\/02\/65601249_626428701201245_3388335438237270016_n-1-762x1024.jpg 762w, https:\/\/neweb.oz-sapio.eu\/sapio\/wp-content\/uploads\/2026\/02\/65601249_626428701201245_3388335438237270016_n-1-223x300.jpg 223w, https:\/\/neweb.oz-sapio.eu\/sapio\/wp-content\/uploads\/2026\/02\/65601249_626428701201245_3388335438237270016_n-1-768x1032.jpg 768w, https:\/\/neweb.oz-sapio.eu\/sapio\/wp-content\/uploads\/2026\/02\/65601249_626428701201245_3388335438237270016_n-1.jpg 864w\" sizes=\"auto, (max-width: 762px) 85vw, 762px\" \/><figcaption class=\"wp-element-caption\">Hisilicon Balong<\/figcaption><\/figure>\n\n\n\n<figure class=\"wp-block-image size-large\"><img loading=\"lazy\" decoding=\"async\" width=\"1024\" height=\"768\" data-id=\"226\" src=\"https:\/\/neweb.oz-sapio.eu\/sapio\/wp-content\/uploads\/2026\/02\/P1200069-1024x768.jpg\" alt=\"\" class=\"wp-image-226\" srcset=\"https:\/\/neweb.oz-sapio.eu\/sapio\/wp-content\/uploads\/2026\/02\/P1200069-1024x768.jpg 1024w, https:\/\/neweb.oz-sapio.eu\/sapio\/wp-content\/uploads\/2026\/02\/P1200069-300x225.jpg 300w, https:\/\/neweb.oz-sapio.eu\/sapio\/wp-content\/uploads\/2026\/02\/P1200069-768x576.jpg 768w, https:\/\/neweb.oz-sapio.eu\/sapio\/wp-content\/uploads\/2026\/02\/P1200069-1536x1152.jpg 1536w, https:\/\/neweb.oz-sapio.eu\/sapio\/wp-content\/uploads\/2026\/02\/P1200069-1200x900.jpg 1200w, https:\/\/neweb.oz-sapio.eu\/sapio\/wp-content\/uploads\/2026\/02\/P1200069.jpg 1600w\" sizes=\"auto, (max-width: 709px) 85vw, (max-width: 909px) 67vw, (max-width: 1362px) 62vw, 840px\" \/><\/figure>\n<\/figure>\n\n\n\n<p>Dobrodru\u017estv\u00e1 Pipa a \u010cvir<\/p>\n\n\n\n<figure class=\"wp-block-gallery has-nested-images columns-default is-cropped wp-block-gallery-2 is-layout-flex wp-block-gallery-is-layout-flex\">\n<figure class=\"wp-block-image size-large\"><img loading=\"lazy\" decoding=\"async\" width=\"1024\" height=\"768\" data-id=\"230\" src=\"https:\/\/neweb.oz-sapio.eu\/sapio\/wp-content\/uploads\/2026\/02\/DSC04427-1024x768.jpg\" alt=\"\" class=\"wp-image-230\" srcset=\"https:\/\/neweb.oz-sapio.eu\/sapio\/wp-content\/uploads\/2026\/02\/DSC04427-1024x768.jpg 1024w, https:\/\/neweb.oz-sapio.eu\/sapio\/wp-content\/uploads\/2026\/02\/DSC04427-300x225.jpg 300w, https:\/\/neweb.oz-sapio.eu\/sapio\/wp-content\/uploads\/2026\/02\/DSC04427-768x576.jpg 768w, https:\/\/neweb.oz-sapio.eu\/sapio\/wp-content\/uploads\/2026\/02\/DSC04427-1536x1152.jpg 1536w, https:\/\/neweb.oz-sapio.eu\/sapio\/wp-content\/uploads\/2026\/02\/DSC04427-2048x1536.jpg 2048w, https:\/\/neweb.oz-sapio.eu\/sapio\/wp-content\/uploads\/2026\/02\/DSC04427-1200x900.jpg 1200w\" sizes=\"auto, (max-width: 709px) 85vw, (max-width: 909px) 67vw, (max-width: 1362px) 62vw, 840px\" \/><\/figure>\n\n\n\n<figure class=\"wp-block-image size-large\"><img loading=\"lazy\" decoding=\"async\" width=\"1024\" height=\"768\" data-id=\"231\" src=\"https:\/\/neweb.oz-sapio.eu\/sapio\/wp-content\/uploads\/2026\/02\/DSC04438-1024x768.jpg\" alt=\"\" class=\"wp-image-231\" srcset=\"https:\/\/neweb.oz-sapio.eu\/sapio\/wp-content\/uploads\/2026\/02\/DSC04438-1024x768.jpg 1024w, https:\/\/neweb.oz-sapio.eu\/sapio\/wp-content\/uploads\/2026\/02\/DSC04438-300x225.jpg 300w, https:\/\/neweb.oz-sapio.eu\/sapio\/wp-content\/uploads\/2026\/02\/DSC04438-768x576.jpg 768w, https:\/\/neweb.oz-sapio.eu\/sapio\/wp-content\/uploads\/2026\/02\/DSC04438-1536x1152.jpg 1536w, https:\/\/neweb.oz-sapio.eu\/sapio\/wp-content\/uploads\/2026\/02\/DSC04438-2048x1536.jpg 2048w, https:\/\/neweb.oz-sapio.eu\/sapio\/wp-content\/uploads\/2026\/02\/DSC04438-1200x900.jpg 1200w\" sizes=\"auto, (max-width: 709px) 85vw, (max-width: 909px) 67vw, (max-width: 1362px) 62vw, 840px\" \/><\/figure>\n<\/figure>\n\n\n\n<p>Aktu\u00e1lne hr\u00e1me:<\/p>\n\n\n\n<p><\/p>\n\n\n\n<p><\/p>\n\n\n\n<p><\/p>\n\n\n\n<p><\/p>\n","protected":false},"excerpt":{"rendered":"<p>Badros &#8211; O divadle . B\u00e1bkov\u00e9 divadlo&nbsp;Badros&nbsp;vzniklo spont\u00e1nne a ne\u010dakane v roku 2008. Nepatr\u00edme medzi profesion\u00e1lne b\u00e1bkov\u00e9 divadl\u00e1, preto\u017ee b\u00e1bko-hercami s\u00fa hlavne deti. Deti si b\u00e1bky sam\u00e9 vyr\u00e1baj\u00fa a v predstaven\u00ed s nimi aj&nbsp; hraj\u00fa. Dej a atmosf\u00e9ra predstavenia s\u00fa aj v\u010faka tomu hravej\u0161ie. Prv\u00e9 predstavenie malo premi\u00e9ru v roku 2008s n\u00e1zvom \u201e\u0160\u0165astie, k\u013e\u00fa\u010d k &hellip; <a href=\"https:\/\/neweb.oz-sapio.eu\/sapio\/index.php\/badros\/\" class=\"more-link\">Pokra\u010dova\u0165 v \u010d\u00edtan\u00ed<span class=\"screen-reader-text\"> &#8222;badros&#8220;<\/span><\/a><\/p>\n","protected":false},"author":1,"featured_media":0,"parent":0,"menu_order":0,"comment_status":"closed","ping_status":"closed","template":"","meta":{"_monsterinsights_skip_tracking":false,"_monsterinsights_sitenote_active":false,"_monsterinsights_sitenote_note":"","_monsterinsights_sitenote_category":0,"footnotes":""},"class_list":["post-157","page","type-page","status-publish","hentry"],"yoast_head":"<!-- This site is optimized with the Yoast SEO plugin v27.4 - https:\/\/yoast.com\/product\/yoast-seo-wordpress\/ -->\n<title>badros - OZ Sapio<\/title>\n<meta name=\"robots\" content=\"index, follow, max-snippet:-1, max-image-preview:large, max-video-preview:-1\" \/>\n<link rel=\"canonical\" href=\"https:\/\/neweb.oz-sapio.eu\/sapio\/index.php\/badros\/\" \/>\n<meta property=\"og:locale\" content=\"sk_SK\" \/>\n<meta property=\"og:type\" content=\"article\" \/>\n<meta property=\"og:title\" content=\"badros - OZ Sapio\" \/>\n<meta property=\"og:description\" content=\"Badros &#8211; O divadle . B\u00e1bkov\u00e9 divadlo&nbsp;Badros&nbsp;vzniklo spont\u00e1nne a ne\u010dakane v roku 2008. Nepatr\u00edme medzi profesion\u00e1lne b\u00e1bkov\u00e9 divadl\u00e1, preto\u017ee b\u00e1bko-hercami s\u00fa hlavne deti. Deti si b\u00e1bky sam\u00e9 vyr\u00e1baj\u00fa a v predstaven\u00ed s nimi aj&nbsp; hraj\u00fa. Dej a atmosf\u00e9ra predstavenia s\u00fa aj v\u010faka tomu hravej\u0161ie. Prv\u00e9 predstavenie malo premi\u00e9ru v roku 2008s n\u00e1zvom \u201e\u0160\u0165astie, k\u013e\u00fa\u010d k &hellip; Pokra\u010dova\u0165 v \u010d\u00edtan\u00ed &quot;badros&quot;\" \/>\n<meta property=\"og:url\" content=\"https:\/\/neweb.oz-sapio.eu\/sapio\/index.php\/badros\/\" \/>\n<meta property=\"og:site_name\" content=\"OZ Sapio\" \/>\n<meta property=\"article:modified_time\" content=\"2026-02-08T14:01:21+00:00\" \/>\n<meta property=\"og:image\" content=\"https:\/\/neweb.oz-sapio.eu\/sapio\/wp-content\/uploads\/2023\/02\/logo-badros.png\" \/>\n\t<meta property=\"og:image:width\" content=\"198\" \/>\n\t<meta property=\"og:image:height\" content=\"348\" \/>\n\t<meta property=\"og:image:type\" content=\"image\/png\" \/>\n<meta name=\"twitter:card\" content=\"summary_large_image\" \/>\n<meta name=\"twitter:label1\" content=\"Predpokladan\u00fd \u010das \u010d\u00edtania\" \/>\n\t<meta name=\"twitter:data1\" content=\"3 min\u00faty\" \/>\n<script type=\"application\/ld+json\" class=\"yoast-schema-graph\">{\"@context\":\"https:\\\/\\\/schema.org\",\"@graph\":[{\"@type\":\"WebPage\",\"@id\":\"https:\\\/\\\/neweb.oz-sapio.eu\\\/sapio\\\/index.php\\\/badros\\\/\",\"url\":\"https:\\\/\\\/neweb.oz-sapio.eu\\\/sapio\\\/index.php\\\/badros\\\/\",\"name\":\"badros - OZ Sapio\",\"isPartOf\":{\"@id\":\"https:\\\/\\\/neweb.oz-sapio.eu\\\/sapio\\\/#website\"},\"primaryImageOfPage\":{\"@id\":\"https:\\\/\\\/neweb.oz-sapio.eu\\\/sapio\\\/index.php\\\/badros\\\/#primaryimage\"},\"image\":{\"@id\":\"https:\\\/\\\/neweb.oz-sapio.eu\\\/sapio\\\/index.php\\\/badros\\\/#primaryimage\"},\"thumbnailUrl\":\"https:\\\/\\\/neweb.oz-sapio.eu\\\/sapio\\\/wp-content\\\/uploads\\\/2023\\\/02\\\/logo-badros.png\",\"datePublished\":\"2026-01-11T17:34:15+00:00\",\"dateModified\":\"2026-02-08T14:01:21+00:00\",\"breadcrumb\":{\"@id\":\"https:\\\/\\\/neweb.oz-sapio.eu\\\/sapio\\\/index.php\\\/badros\\\/#breadcrumb\"},\"inLanguage\":\"sk-SK\",\"potentialAction\":[{\"@type\":\"ReadAction\",\"target\":[\"https:\\\/\\\/neweb.oz-sapio.eu\\\/sapio\\\/index.php\\\/badros\\\/\"]}]},{\"@type\":\"ImageObject\",\"inLanguage\":\"sk-SK\",\"@id\":\"https:\\\/\\\/neweb.oz-sapio.eu\\\/sapio\\\/index.php\\\/badros\\\/#primaryimage\",\"url\":\"https:\\\/\\\/neweb.oz-sapio.eu\\\/sapio\\\/wp-content\\\/uploads\\\/2023\\\/02\\\/logo-badros.png\",\"contentUrl\":\"https:\\\/\\\/neweb.oz-sapio.eu\\\/sapio\\\/wp-content\\\/uploads\\\/2023\\\/02\\\/logo-badros.png\",\"width\":198,\"height\":348},{\"@type\":\"BreadcrumbList\",\"@id\":\"https:\\\/\\\/neweb.oz-sapio.eu\\\/sapio\\\/index.php\\\/badros\\\/#breadcrumb\",\"itemListElement\":[{\"@type\":\"ListItem\",\"position\":1,\"name\":\"Domov\",\"item\":\"https:\\\/\\\/neweb.oz-sapio.eu\\\/sapio\\\/\"},{\"@type\":\"ListItem\",\"position\":2,\"name\":\"badros\"}]},{\"@type\":\"WebSite\",\"@id\":\"https:\\\/\\\/neweb.oz-sapio.eu\\\/sapio\\\/#website\",\"url\":\"https:\\\/\\\/neweb.oz-sapio.eu\\\/sapio\\\/\",\"name\":\"OZ Sapio\",\"description\":\"U\u010dte sa, rozv\u00edjajte, obohacujte z\u00e1\u017eitkom ...\",\"publisher\":{\"@id\":\"https:\\\/\\\/neweb.oz-sapio.eu\\\/sapio\\\/#organization\"},\"potentialAction\":[{\"@type\":\"SearchAction\",\"target\":{\"@type\":\"EntryPoint\",\"urlTemplate\":\"https:\\\/\\\/neweb.oz-sapio.eu\\\/sapio\\\/?s={search_term_string}\"},\"query-input\":{\"@type\":\"PropertyValueSpecification\",\"valueRequired\":true,\"valueName\":\"search_term_string\"}}],\"inLanguage\":\"sk-SK\"},{\"@type\":\"Organization\",\"@id\":\"https:\\\/\\\/neweb.oz-sapio.eu\\\/sapio\\\/#organization\",\"name\":\"OZ Sapio\",\"url\":\"https:\\\/\\\/neweb.oz-sapio.eu\\\/sapio\\\/\",\"logo\":{\"@type\":\"ImageObject\",\"inLanguage\":\"sk-SK\",\"@id\":\"https:\\\/\\\/neweb.oz-sapio.eu\\\/sapio\\\/#\\\/schema\\\/logo\\\/image\\\/\",\"url\":\"https:\\\/\\\/neweb.oz-sapio.eu\\\/sapio\\\/wp-content\\\/uploads\\\/2022\\\/11\\\/logo-sapio.png\",\"contentUrl\":\"https:\\\/\\\/neweb.oz-sapio.eu\\\/sapio\\\/wp-content\\\/uploads\\\/2022\\\/11\\\/logo-sapio.png\",\"width\":182,\"height\":77,\"caption\":\"OZ Sapio\"},\"image\":{\"@id\":\"https:\\\/\\\/neweb.oz-sapio.eu\\\/sapio\\\/#\\\/schema\\\/logo\\\/image\\\/\"}}]}<\/script>\n<!-- \/ Yoast SEO plugin. -->","yoast_head_json":{"title":"badros - OZ Sapio","robots":{"index":"index","follow":"follow","max-snippet":"max-snippet:-1","max-image-preview":"max-image-preview:large","max-video-preview":"max-video-preview:-1"},"canonical":"https:\/\/neweb.oz-sapio.eu\/sapio\/index.php\/badros\/","og_locale":"sk_SK","og_type":"article","og_title":"badros - OZ Sapio","og_description":"Badros &#8211; O divadle . B\u00e1bkov\u00e9 divadlo&nbsp;Badros&nbsp;vzniklo spont\u00e1nne a ne\u010dakane v roku 2008. Nepatr\u00edme medzi profesion\u00e1lne b\u00e1bkov\u00e9 divadl\u00e1, preto\u017ee b\u00e1bko-hercami s\u00fa hlavne deti. Deti si b\u00e1bky sam\u00e9 vyr\u00e1baj\u00fa a v predstaven\u00ed s nimi aj&nbsp; hraj\u00fa. Dej a atmosf\u00e9ra predstavenia s\u00fa aj v\u010faka tomu hravej\u0161ie. Prv\u00e9 predstavenie malo premi\u00e9ru v roku 2008s n\u00e1zvom \u201e\u0160\u0165astie, k\u013e\u00fa\u010d k &hellip; Pokra\u010dova\u0165 v \u010d\u00edtan\u00ed \"badros\"","og_url":"https:\/\/neweb.oz-sapio.eu\/sapio\/index.php\/badros\/","og_site_name":"OZ Sapio","article_modified_time":"2026-02-08T14:01:21+00:00","og_image":[{"width":198,"height":348,"url":"https:\/\/neweb.oz-sapio.eu\/sapio\/wp-content\/uploads\/2023\/02\/logo-badros.png","type":"image\/png"}],"twitter_card":"summary_large_image","twitter_misc":{"Predpokladan\u00fd \u010das \u010d\u00edtania":"3 min\u00faty"},"schema":{"@context":"https:\/\/schema.org","@graph":[{"@type":"WebPage","@id":"https:\/\/neweb.oz-sapio.eu\/sapio\/index.php\/badros\/","url":"https:\/\/neweb.oz-sapio.eu\/sapio\/index.php\/badros\/","name":"badros - OZ Sapio","isPartOf":{"@id":"https:\/\/neweb.oz-sapio.eu\/sapio\/#website"},"primaryImageOfPage":{"@id":"https:\/\/neweb.oz-sapio.eu\/sapio\/index.php\/badros\/#primaryimage"},"image":{"@id":"https:\/\/neweb.oz-sapio.eu\/sapio\/index.php\/badros\/#primaryimage"},"thumbnailUrl":"https:\/\/neweb.oz-sapio.eu\/sapio\/wp-content\/uploads\/2023\/02\/logo-badros.png","datePublished":"2026-01-11T17:34:15+00:00","dateModified":"2026-02-08T14:01:21+00:00","breadcrumb":{"@id":"https:\/\/neweb.oz-sapio.eu\/sapio\/index.php\/badros\/#breadcrumb"},"inLanguage":"sk-SK","potentialAction":[{"@type":"ReadAction","target":["https:\/\/neweb.oz-sapio.eu\/sapio\/index.php\/badros\/"]}]},{"@type":"ImageObject","inLanguage":"sk-SK","@id":"https:\/\/neweb.oz-sapio.eu\/sapio\/index.php\/badros\/#primaryimage","url":"https:\/\/neweb.oz-sapio.eu\/sapio\/wp-content\/uploads\/2023\/02\/logo-badros.png","contentUrl":"https:\/\/neweb.oz-sapio.eu\/sapio\/wp-content\/uploads\/2023\/02\/logo-badros.png","width":198,"height":348},{"@type":"BreadcrumbList","@id":"https:\/\/neweb.oz-sapio.eu\/sapio\/index.php\/badros\/#breadcrumb","itemListElement":[{"@type":"ListItem","position":1,"name":"Domov","item":"https:\/\/neweb.oz-sapio.eu\/sapio\/"},{"@type":"ListItem","position":2,"name":"badros"}]},{"@type":"WebSite","@id":"https:\/\/neweb.oz-sapio.eu\/sapio\/#website","url":"https:\/\/neweb.oz-sapio.eu\/sapio\/","name":"OZ Sapio","description":"U\u010dte sa, rozv\u00edjajte, obohacujte z\u00e1\u017eitkom ...","publisher":{"@id":"https:\/\/neweb.oz-sapio.eu\/sapio\/#organization"},"potentialAction":[{"@type":"SearchAction","target":{"@type":"EntryPoint","urlTemplate":"https:\/\/neweb.oz-sapio.eu\/sapio\/?s={search_term_string}"},"query-input":{"@type":"PropertyValueSpecification","valueRequired":true,"valueName":"search_term_string"}}],"inLanguage":"sk-SK"},{"@type":"Organization","@id":"https:\/\/neweb.oz-sapio.eu\/sapio\/#organization","name":"OZ Sapio","url":"https:\/\/neweb.oz-sapio.eu\/sapio\/","logo":{"@type":"ImageObject","inLanguage":"sk-SK","@id":"https:\/\/neweb.oz-sapio.eu\/sapio\/#\/schema\/logo\/image\/","url":"https:\/\/neweb.oz-sapio.eu\/sapio\/wp-content\/uploads\/2022\/11\/logo-sapio.png","contentUrl":"https:\/\/neweb.oz-sapio.eu\/sapio\/wp-content\/uploads\/2022\/11\/logo-sapio.png","width":182,"height":77,"caption":"OZ Sapio"},"image":{"@id":"https:\/\/neweb.oz-sapio.eu\/sapio\/#\/schema\/logo\/image\/"}}]}},"_links":{"self":[{"href":"https:\/\/neweb.oz-sapio.eu\/sapio\/index.php\/wp-json\/wp\/v2\/pages\/157","targetHints":{"allow":["GET"]}}],"collection":[{"href":"https:\/\/neweb.oz-sapio.eu\/sapio\/index.php\/wp-json\/wp\/v2\/pages"}],"about":[{"href":"https:\/\/neweb.oz-sapio.eu\/sapio\/index.php\/wp-json\/wp\/v2\/types\/page"}],"author":[{"embeddable":true,"href":"https:\/\/neweb.oz-sapio.eu\/sapio\/index.php\/wp-json\/wp\/v2\/users\/1"}],"replies":[{"embeddable":true,"href":"https:\/\/neweb.oz-sapio.eu\/sapio\/index.php\/wp-json\/wp\/v2\/comments?post=157"}],"version-history":[{"count":5,"href":"https:\/\/neweb.oz-sapio.eu\/sapio\/index.php\/wp-json\/wp\/v2\/pages\/157\/revisions"}],"predecessor-version":[{"id":232,"href":"https:\/\/neweb.oz-sapio.eu\/sapio\/index.php\/wp-json\/wp\/v2\/pages\/157\/revisions\/232"}],"wp:attachment":[{"href":"https:\/\/neweb.oz-sapio.eu\/sapio\/index.php\/wp-json\/wp\/v2\/media?parent=157"}],"curies":[{"name":"wp","href":"https:\/\/api.w.org\/{rel}","templated":true}]}}