{"id":144,"date":"2026-01-11T18:25:19","date_gmt":"2026-01-11T17:25:19","guid":{"rendered":"https:\/\/neweb.oz-sapio.eu\/sapio\/?page_id=144"},"modified":"2026-01-11T19:40:09","modified_gmt":"2026-01-11T18:40:09","slug":"dokumenty","status":"publish","type":"page","link":"https:\/\/neweb.oz-sapio.eu\/sapio\/index.php\/dokumenty\/","title":{"rendered":"dokumenty"},"content":{"rendered":"\n<details class=\"wp-block-details is-layout-flow wp-block-details-is-layout-flow\"><summary>Stanovy zdru\u017eenia<\/summary>\n<div class=\"wp-block-columns is-layout-flex wp-container-core-columns-is-layout-9d6595d7 wp-block-columns-is-layout-flex\">\n<div class=\"wp-block-column is-layout-flow wp-block-column-is-layout-flow\" style=\"flex-basis:100%\">\n<div data-wp-interactive=\"core\/file\" class=\"wp-block-file\"><object data-wp-bind--hidden=\"!state.hasPdfPreview\" hidden class=\"wp-block-file__embed\" data=\"https:\/\/neweb.oz-sapio.eu\/sapio\/wp-content\/uploads\/2026\/01\/Sapio_stanovy.pdf\" type=\"application\/pdf\" style=\"width:100%;height:600px\" aria-label=\"Vlo\u017ei\u0165 Sapio_stanovy.\"><\/object><a id=\"wp-block-file--media-2f41a118-5f55-4a68-946a-8ab532cccf3d\" href=\"https:\/\/neweb.oz-sapio.eu\/sapio\/wp-content\/uploads\/2026\/01\/Sapio_stanovy.pdf\">Sapio_stanovy<\/a><a href=\"https:\/\/neweb.oz-sapio.eu\/sapio\/wp-content\/uploads\/2026\/01\/Sapio_stanovy.pdf\" class=\"wp-block-file__button wp-element-button\" download aria-describedby=\"wp-block-file--media-2f41a118-5f55-4a68-946a-8ab532cccf3d\">Stiahnu\u0165<\/a><\/div>\n<\/div>\n<\/div>\n<\/details>\n\n\n\n<details class=\"wp-block-details is-layout-flow wp-block-details-is-layout-flow\"><summary>\u017diados\u0165 o \u010dlenstvo v zdru\u017een\u00ed<\/summary>\n<div class=\"wp-block-file\"><a id=\"wp-block-file--media-8d02e529-9790-4c0f-9e8f-2e69e84c0232\" href=\"https:\/\/neweb.oz-sapio.eu\/sapio\/wp-content\/uploads\/2023\/02\/ziadost-o-prijatie-za-clena-SAPIO.doc\">\u017eiados\u0165 o prijatie za \u010dlena SAPIO<\/a><a href=\"https:\/\/neweb.oz-sapio.eu\/sapio\/wp-content\/uploads\/2023\/02\/ziadost-o-prijatie-za-clena-SAPIO.doc\" class=\"wp-block-file__button wp-element-button\" download aria-describedby=\"wp-block-file--media-8d02e529-9790-4c0f-9e8f-2e69e84c0232\">Stiahnu\u0165<\/a><\/div>\n<\/details>\n\n\n\n<details class=\"wp-block-details is-layout-flow wp-block-details-is-layout-flow\"><summary>Potvrdenie o prideleni I\u010cO<\/summary>\n<figure class=\"wp-block-image size-large\"><img loading=\"lazy\" decoding=\"async\" width=\"723\" height=\"1024\" src=\"https:\/\/neweb.oz-sapio.eu\/sapio\/wp-content\/uploads\/2023\/02\/pridelenie-ICO-723x1024.jpg\" alt=\"\" class=\"wp-image-115\" srcset=\"https:\/\/neweb.oz-sapio.eu\/sapio\/wp-content\/uploads\/2023\/02\/pridelenie-ICO-723x1024.jpg 723w, https:\/\/neweb.oz-sapio.eu\/sapio\/wp-content\/uploads\/2023\/02\/pridelenie-ICO-212x300.jpg 212w, https:\/\/neweb.oz-sapio.eu\/sapio\/wp-content\/uploads\/2023\/02\/pridelenie-ICO-768x1088.jpg 768w, https:\/\/neweb.oz-sapio.eu\/sapio\/wp-content\/uploads\/2023\/02\/pridelenie-ICO-1085x1536.jpg 1085w, https:\/\/neweb.oz-sapio.eu\/sapio\/wp-content\/uploads\/2023\/02\/pridelenie-ICO-1446x2048.jpg 1446w, https:\/\/neweb.oz-sapio.eu\/sapio\/wp-content\/uploads\/2023\/02\/pridelenie-ICO-1200x1700.jpg 1200w, https:\/\/neweb.oz-sapio.eu\/sapio\/wp-content\/uploads\/2023\/02\/pridelenie-ICO.jpg 1631w\" sizes=\"auto, (max-width: 723px) 85vw, 723px\" \/><\/figure>\n<\/details>\n\n\n\n<details class=\"wp-block-details is-layout-flow wp-block-details-is-layout-flow\"><summary>Logo OZ SAPIO<\/summary>\n<figure class=\"wp-block-image size-large\"><img loading=\"lazy\" decoding=\"async\" width=\"1024\" height=\"572\" src=\"https:\/\/neweb.oz-sapio.eu\/sapio\/wp-content\/uploads\/2023\/02\/SAPIO_LOGO-1024x572.jpg\" alt=\"\" class=\"wp-image-129\" srcset=\"https:\/\/neweb.oz-sapio.eu\/sapio\/wp-content\/uploads\/2023\/02\/SAPIO_LOGO-1024x572.jpg 1024w, https:\/\/neweb.oz-sapio.eu\/sapio\/wp-content\/uploads\/2023\/02\/SAPIO_LOGO-300x168.jpg 300w, https:\/\/neweb.oz-sapio.eu\/sapio\/wp-content\/uploads\/2023\/02\/SAPIO_LOGO-768x429.jpg 768w, https:\/\/neweb.oz-sapio.eu\/sapio\/wp-content\/uploads\/2023\/02\/SAPIO_LOGO-1536x859.jpg 1536w, https:\/\/neweb.oz-sapio.eu\/sapio\/wp-content\/uploads\/2023\/02\/SAPIO_LOGO-2048x1145.jpg 2048w, https:\/\/neweb.oz-sapio.eu\/sapio\/wp-content\/uploads\/2023\/02\/SAPIO_LOGO-1200x671.jpg 1200w\" sizes=\"auto, (max-width: 709px) 85vw, (max-width: 909px) 67vw, (max-width: 1362px) 62vw, 840px\" \/><\/figure>\n<\/details>\n\n\n\n<details class=\"wp-block-details is-layout-flow wp-block-details-is-layout-flow\"><summary>Logo BADROS<\/summary>\n<figure class=\"wp-block-image size-full\"><img loading=\"lazy\" decoding=\"async\" width=\"198\" height=\"348\" src=\"https:\/\/neweb.oz-sapio.eu\/sapio\/wp-content\/uploads\/2023\/02\/logo-badros.png\" alt=\"\" class=\"wp-image-131\" srcset=\"https:\/\/neweb.oz-sapio.eu\/sapio\/wp-content\/uploads\/2023\/02\/logo-badros.png 198w, https:\/\/neweb.oz-sapio.eu\/sapio\/wp-content\/uploads\/2023\/02\/logo-badros-171x300.png 171w\" sizes=\"auto, (max-width: 198px) 85vw, 198px\" \/><\/figure>\n<\/details>\n\n\n\n<p><strong>v\u00fdro\u010dn\u00e9 spr\u00e1vy:<\/strong><\/p>\n\n\n\n<details class=\"wp-block-details is-layout-flow wp-block-details-is-layout-flow\"><summary>2009<\/summary>\n<div class=\"wp-block-file\"><a id=\"wp-block-file--media-536e0da2-5bf9-42ec-a5a2-8aebde11a87b\" href=\"https:\/\/neweb.oz-sapio.eu\/sapio\/wp-content\/uploads\/2026\/01\/vyrocna-sprava-2012.doc\">v\u00fdro\u010dn\u00e1 spr\u00e1va 2012<\/a><a href=\"https:\/\/neweb.oz-sapio.eu\/sapio\/wp-content\/uploads\/2026\/01\/vyrocna-sprava-2012.doc\" class=\"wp-block-file__button wp-element-button\" download aria-describedby=\"wp-block-file--media-536e0da2-5bf9-42ec-a5a2-8aebde11a87b\">Stiahnu\u0165<\/a><\/div>\n<\/details>\n\n\n\n<details class=\"wp-block-details is-layout-flow wp-block-details-is-layout-flow\"><summary>2011<\/summary>\n<div class=\"wp-block-file\"><a id=\"wp-block-file--media-9658c098-f0fd-4c88-8dc9-f29b4b2bf561\" href=\"https:\/\/neweb.oz-sapio.eu\/sapio\/wp-content\/uploads\/2026\/01\/vyrocna-sprava-2011.doc\">v\u00fdro\u010dn\u00e1 spr\u00e1va 2011<\/a><a href=\"https:\/\/neweb.oz-sapio.eu\/sapio\/wp-content\/uploads\/2026\/01\/vyrocna-sprava-2011.doc\" class=\"wp-block-file__button wp-element-button\" download aria-describedby=\"wp-block-file--media-9658c098-f0fd-4c88-8dc9-f29b4b2bf561\">Stiahnu\u0165<\/a><\/div>\n<\/details>\n\n\n\n<details class=\"wp-block-details is-layout-flow wp-block-details-is-layout-flow\"><summary>2012<\/summary>\n<div class=\"wp-block-file\"><a id=\"wp-block-file--media-927e248f-7d08-44bc-85c4-c4703cdd71cd\" href=\"https:\/\/neweb.oz-sapio.eu\/sapio\/wp-content\/uploads\/2026\/01\/vyrocna-sprava-2012-1.doc\">v\u00fdro\u010dn\u00e1 spr\u00e1va 2012<\/a><a href=\"https:\/\/neweb.oz-sapio.eu\/sapio\/wp-content\/uploads\/2026\/01\/vyrocna-sprava-2012-1.doc\" class=\"wp-block-file__button wp-element-button\" download aria-describedby=\"wp-block-file--media-927e248f-7d08-44bc-85c4-c4703cdd71cd\">Stiahnu\u0165<\/a><\/div>\n<\/details>\n\n\n\n<p><\/p>\n","protected":false},"excerpt":{"rendered":"<p>v\u00fdro\u010dn\u00e9 spr\u00e1vy:<\/p>\n","protected":false},"author":1,"featured_media":0,"parent":0,"menu_order":0,"comment_status":"closed","ping_status":"closed","template":"","meta":{"_monsterinsights_skip_tracking":false,"_monsterinsights_sitenote_active":false,"_monsterinsights_sitenote_note":"","_monsterinsights_sitenote_category":0,"footnotes":""},"class_list":["post-144","page","type-page","status-publish","hentry"],"yoast_head":"<!-- This site is optimized with the Yoast SEO plugin v27.4 - https:\/\/yoast.com\/product\/yoast-seo-wordpress\/ -->\n<title>dokumenty - OZ Sapio<\/title>\n<meta name=\"robots\" content=\"index, follow, max-snippet:-1, max-image-preview:large, max-video-preview:-1\" \/>\n<link rel=\"canonical\" href=\"https:\/\/neweb.oz-sapio.eu\/sapio\/index.php\/dokumenty\/\" \/>\n<meta property=\"og:locale\" content=\"sk_SK\" \/>\n<meta property=\"og:type\" content=\"article\" \/>\n<meta property=\"og:title\" content=\"dokumenty - OZ Sapio\" \/>\n<meta property=\"og:description\" content=\"v\u00fdro\u010dn\u00e9 spr\u00e1vy:\" \/>\n<meta property=\"og:url\" content=\"https:\/\/neweb.oz-sapio.eu\/sapio\/index.php\/dokumenty\/\" \/>\n<meta property=\"og:site_name\" content=\"OZ Sapio\" \/>\n<meta property=\"article:modified_time\" content=\"2026-01-11T18:40:09+00:00\" \/>\n<meta property=\"og:image\" content=\"https:\/\/neweb.oz-sapio.eu\/sapio\/wp-content\/uploads\/2023\/02\/pridelenie-ICO.jpg\" \/>\n\t<meta property=\"og:image:width\" content=\"1631\" \/>\n\t<meta property=\"og:image:height\" content=\"2310\" \/>\n\t<meta property=\"og:image:type\" content=\"image\/jpeg\" \/>\n<meta name=\"twitter:card\" content=\"summary_large_image\" \/>\n<meta name=\"twitter:label1\" content=\"Predpokladan\u00fd \u010das \u010d\u00edtania\" \/>\n\t<meta name=\"twitter:data1\" content=\"1 min\u00fata\" \/>\n<script type=\"application\/ld+json\" class=\"yoast-schema-graph\">{\"@context\":\"https:\\\/\\\/schema.org\",\"@graph\":[{\"@type\":\"WebPage\",\"@id\":\"https:\\\/\\\/neweb.oz-sapio.eu\\\/sapio\\\/index.php\\\/dokumenty\\\/\",\"url\":\"https:\\\/\\\/neweb.oz-sapio.eu\\\/sapio\\\/index.php\\\/dokumenty\\\/\",\"name\":\"dokumenty - OZ Sapio\",\"isPartOf\":{\"@id\":\"https:\\\/\\\/neweb.oz-sapio.eu\\\/sapio\\\/#website\"},\"primaryImageOfPage\":{\"@id\":\"https:\\\/\\\/neweb.oz-sapio.eu\\\/sapio\\\/index.php\\\/dokumenty\\\/#primaryimage\"},\"image\":{\"@id\":\"https:\\\/\\\/neweb.oz-sapio.eu\\\/sapio\\\/index.php\\\/dokumenty\\\/#primaryimage\"},\"thumbnailUrl\":\"https:\\\/\\\/neweb.oz-sapio.eu\\\/sapio\\\/wp-content\\\/uploads\\\/2023\\\/02\\\/pridelenie-ICO-723x1024.jpg\",\"datePublished\":\"2026-01-11T17:25:19+00:00\",\"dateModified\":\"2026-01-11T18:40:09+00:00\",\"breadcrumb\":{\"@id\":\"https:\\\/\\\/neweb.oz-sapio.eu\\\/sapio\\\/index.php\\\/dokumenty\\\/#breadcrumb\"},\"inLanguage\":\"sk-SK\",\"potentialAction\":[{\"@type\":\"ReadAction\",\"target\":[\"https:\\\/\\\/neweb.oz-sapio.eu\\\/sapio\\\/index.php\\\/dokumenty\\\/\"]}]},{\"@type\":\"ImageObject\",\"inLanguage\":\"sk-SK\",\"@id\":\"https:\\\/\\\/neweb.oz-sapio.eu\\\/sapio\\\/index.php\\\/dokumenty\\\/#primaryimage\",\"url\":\"https:\\\/\\\/neweb.oz-sapio.eu\\\/sapio\\\/wp-content\\\/uploads\\\/2023\\\/02\\\/pridelenie-ICO.jpg\",\"contentUrl\":\"https:\\\/\\\/neweb.oz-sapio.eu\\\/sapio\\\/wp-content\\\/uploads\\\/2023\\\/02\\\/pridelenie-ICO.jpg\",\"width\":1631,\"height\":2310},{\"@type\":\"BreadcrumbList\",\"@id\":\"https:\\\/\\\/neweb.oz-sapio.eu\\\/sapio\\\/index.php\\\/dokumenty\\\/#breadcrumb\",\"itemListElement\":[{\"@type\":\"ListItem\",\"position\":1,\"name\":\"Domov\",\"item\":\"https:\\\/\\\/neweb.oz-sapio.eu\\\/sapio\\\/\"},{\"@type\":\"ListItem\",\"position\":2,\"name\":\"dokumenty\"}]},{\"@type\":\"WebSite\",\"@id\":\"https:\\\/\\\/neweb.oz-sapio.eu\\\/sapio\\\/#website\",\"url\":\"https:\\\/\\\/neweb.oz-sapio.eu\\\/sapio\\\/\",\"name\":\"OZ Sapio\",\"description\":\"U\u010dte sa, rozv\u00edjajte, obohacujte z\u00e1\u017eitkom ...\",\"publisher\":{\"@id\":\"https:\\\/\\\/neweb.oz-sapio.eu\\\/sapio\\\/#organization\"},\"potentialAction\":[{\"@type\":\"SearchAction\",\"target\":{\"@type\":\"EntryPoint\",\"urlTemplate\":\"https:\\\/\\\/neweb.oz-sapio.eu\\\/sapio\\\/?s={search_term_string}\"},\"query-input\":{\"@type\":\"PropertyValueSpecification\",\"valueRequired\":true,\"valueName\":\"search_term_string\"}}],\"inLanguage\":\"sk-SK\"},{\"@type\":\"Organization\",\"@id\":\"https:\\\/\\\/neweb.oz-sapio.eu\\\/sapio\\\/#organization\",\"name\":\"OZ Sapio\",\"url\":\"https:\\\/\\\/neweb.oz-sapio.eu\\\/sapio\\\/\",\"logo\":{\"@type\":\"ImageObject\",\"inLanguage\":\"sk-SK\",\"@id\":\"https:\\\/\\\/neweb.oz-sapio.eu\\\/sapio\\\/#\\\/schema\\\/logo\\\/image\\\/\",\"url\":\"https:\\\/\\\/neweb.oz-sapio.eu\\\/sapio\\\/wp-content\\\/uploads\\\/2022\\\/11\\\/logo-sapio.png\",\"contentUrl\":\"https:\\\/\\\/neweb.oz-sapio.eu\\\/sapio\\\/wp-content\\\/uploads\\\/2022\\\/11\\\/logo-sapio.png\",\"width\":182,\"height\":77,\"caption\":\"OZ Sapio\"},\"image\":{\"@id\":\"https:\\\/\\\/neweb.oz-sapio.eu\\\/sapio\\\/#\\\/schema\\\/logo\\\/image\\\/\"}}]}<\/script>\n<!-- \/ Yoast SEO plugin. -->","yoast_head_json":{"title":"dokumenty - OZ Sapio","robots":{"index":"index","follow":"follow","max-snippet":"max-snippet:-1","max-image-preview":"max-image-preview:large","max-video-preview":"max-video-preview:-1"},"canonical":"https:\/\/neweb.oz-sapio.eu\/sapio\/index.php\/dokumenty\/","og_locale":"sk_SK","og_type":"article","og_title":"dokumenty - OZ Sapio","og_description":"v\u00fdro\u010dn\u00e9 spr\u00e1vy:","og_url":"https:\/\/neweb.oz-sapio.eu\/sapio\/index.php\/dokumenty\/","og_site_name":"OZ Sapio","article_modified_time":"2026-01-11T18:40:09+00:00","og_image":[{"width":1631,"height":2310,"url":"https:\/\/neweb.oz-sapio.eu\/sapio\/wp-content\/uploads\/2023\/02\/pridelenie-ICO.jpg","type":"image\/jpeg"}],"twitter_card":"summary_large_image","twitter_misc":{"Predpokladan\u00fd \u010das \u010d\u00edtania":"1 min\u00fata"},"schema":{"@context":"https:\/\/schema.org","@graph":[{"@type":"WebPage","@id":"https:\/\/neweb.oz-sapio.eu\/sapio\/index.php\/dokumenty\/","url":"https:\/\/neweb.oz-sapio.eu\/sapio\/index.php\/dokumenty\/","name":"dokumenty - OZ Sapio","isPartOf":{"@id":"https:\/\/neweb.oz-sapio.eu\/sapio\/#website"},"primaryImageOfPage":{"@id":"https:\/\/neweb.oz-sapio.eu\/sapio\/index.php\/dokumenty\/#primaryimage"},"image":{"@id":"https:\/\/neweb.oz-sapio.eu\/sapio\/index.php\/dokumenty\/#primaryimage"},"thumbnailUrl":"https:\/\/neweb.oz-sapio.eu\/sapio\/wp-content\/uploads\/2023\/02\/pridelenie-ICO-723x1024.jpg","datePublished":"2026-01-11T17:25:19+00:00","dateModified":"2026-01-11T18:40:09+00:00","breadcrumb":{"@id":"https:\/\/neweb.oz-sapio.eu\/sapio\/index.php\/dokumenty\/#breadcrumb"},"inLanguage":"sk-SK","potentialAction":[{"@type":"ReadAction","target":["https:\/\/neweb.oz-sapio.eu\/sapio\/index.php\/dokumenty\/"]}]},{"@type":"ImageObject","inLanguage":"sk-SK","@id":"https:\/\/neweb.oz-sapio.eu\/sapio\/index.php\/dokumenty\/#primaryimage","url":"https:\/\/neweb.oz-sapio.eu\/sapio\/wp-content\/uploads\/2023\/02\/pridelenie-ICO.jpg","contentUrl":"https:\/\/neweb.oz-sapio.eu\/sapio\/wp-content\/uploads\/2023\/02\/pridelenie-ICO.jpg","width":1631,"height":2310},{"@type":"BreadcrumbList","@id":"https:\/\/neweb.oz-sapio.eu\/sapio\/index.php\/dokumenty\/#breadcrumb","itemListElement":[{"@type":"ListItem","position":1,"name":"Domov","item":"https:\/\/neweb.oz-sapio.eu\/sapio\/"},{"@type":"ListItem","position":2,"name":"dokumenty"}]},{"@type":"WebSite","@id":"https:\/\/neweb.oz-sapio.eu\/sapio\/#website","url":"https:\/\/neweb.oz-sapio.eu\/sapio\/","name":"OZ Sapio","description":"U\u010dte sa, rozv\u00edjajte, obohacujte z\u00e1\u017eitkom ...","publisher":{"@id":"https:\/\/neweb.oz-sapio.eu\/sapio\/#organization"},"potentialAction":[{"@type":"SearchAction","target":{"@type":"EntryPoint","urlTemplate":"https:\/\/neweb.oz-sapio.eu\/sapio\/?s={search_term_string}"},"query-input":{"@type":"PropertyValueSpecification","valueRequired":true,"valueName":"search_term_string"}}],"inLanguage":"sk-SK"},{"@type":"Organization","@id":"https:\/\/neweb.oz-sapio.eu\/sapio\/#organization","name":"OZ Sapio","url":"https:\/\/neweb.oz-sapio.eu\/sapio\/","logo":{"@type":"ImageObject","inLanguage":"sk-SK","@id":"https:\/\/neweb.oz-sapio.eu\/sapio\/#\/schema\/logo\/image\/","url":"https:\/\/neweb.oz-sapio.eu\/sapio\/wp-content\/uploads\/2022\/11\/logo-sapio.png","contentUrl":"https:\/\/neweb.oz-sapio.eu\/sapio\/wp-content\/uploads\/2022\/11\/logo-sapio.png","width":182,"height":77,"caption":"OZ Sapio"},"image":{"@id":"https:\/\/neweb.oz-sapio.eu\/sapio\/#\/schema\/logo\/image\/"}}]}},"_links":{"self":[{"href":"https:\/\/neweb.oz-sapio.eu\/sapio\/index.php\/wp-json\/wp\/v2\/pages\/144","targetHints":{"allow":["GET"]}}],"collection":[{"href":"https:\/\/neweb.oz-sapio.eu\/sapio\/index.php\/wp-json\/wp\/v2\/pages"}],"about":[{"href":"https:\/\/neweb.oz-sapio.eu\/sapio\/index.php\/wp-json\/wp\/v2\/types\/page"}],"author":[{"embeddable":true,"href":"https:\/\/neweb.oz-sapio.eu\/sapio\/index.php\/wp-json\/wp\/v2\/users\/1"}],"replies":[{"embeddable":true,"href":"https:\/\/neweb.oz-sapio.eu\/sapio\/index.php\/wp-json\/wp\/v2\/comments?post=144"}],"version-history":[{"count":4,"href":"https:\/\/neweb.oz-sapio.eu\/sapio\/index.php\/wp-json\/wp\/v2\/pages\/144\/revisions"}],"predecessor-version":[{"id":219,"href":"https:\/\/neweb.oz-sapio.eu\/sapio\/index.php\/wp-json\/wp\/v2\/pages\/144\/revisions\/219"}],"wp:attachment":[{"href":"https:\/\/neweb.oz-sapio.eu\/sapio\/index.php\/wp-json\/wp\/v2\/media?parent=144"}],"curies":[{"name":"wp","href":"https:\/\/api.w.org\/{rel}","templated":true}]}}